{"id":1152,"date":"2023-01-12T12:29:03","date_gmt":"2023-01-12T11:29:03","guid":{"rendered":"https:\/\/psicocloud.com\/?page_id=1152"},"modified":"2023-01-12T12:29:04","modified_gmt":"2023-01-12T11:29:04","slug":"psicoleg-en-catala-a-bremen","status":"publish","type":"page","link":"https:\/\/psicocloud.com\/ca\/psicologia-online\/psicoleg-en-catala-a-bremen\/","title":{"rendered":"Psic\u00f2leg en catal\u00e0 a Bremen"},"content":{"rendered":"\n<div style=\"height:25px\" aria-hidden=\"true\" class=\"wp-block-spacer editorskit-no-tablet editorskit-no-mobile\"><\/div>\n\n\n\n<h1 class=\"wp-block-heading\"><mark style=\"background-color:rgba(0, 0, 0, 0)\" class=\"has-inline-color has-vivid-cyan-blue-color\"><span class=\"uppercase\">Psic\u00f2leg Online<\/span><\/mark><\/h1>\n\n\n\n<p><strong>Cercant psic\u00f2leg en catal\u00e0 a Bremen?<\/strong>\u00a0Psicocloud ofereix de manera online suport i ajuda psicol\u00f2gica aquelles persones que durant la seva estada a Bremen estan passant per dificultats emocionals. M\u00e9s info: <a href=\"https:\/\/psicocloud.com\/ca\/temes\/sindrome-de-limmigrant\/\" title=\"S\u00edndrome de l\u2019immigrant (s\u00edndrome d\u2019Ulisses)\">S\u00edndrome de l&#8217;immigrant (s\u00edndrome d&#8217;Ulisses)<\/a>.\u00a0<\/p>\n\n\n\n<p>En psicologia online, l\u2019\u00e8tica professional que ens guia \u00e9s la mateixa que en la ter\u00e0pia tradicional: el <a href=\"https:\/\/arxiu.copc.cat\/adjuntos\/adjunto_5328\/v\/Codi%20Deontol%C3%B2gic%20en%20castell%C3%A0.pdf?tm=1524062934\" title=\"\">Codi Deontol\u00f2gic de l\u2019Il\u00b7lustre Col\u00b7legi de Psic\u00f2legs<\/a>.&nbsp;<strong>L\u2019\u00e8tica professional garanteix, per exemple, la privacitat absoluta<\/strong>.<\/p>\n\n\n\n<div style=\"height:25px\" aria-hidden=\"true\" class=\"wp-block-spacer editorskit-no-tablet editorskit-no-mobile\"><\/div>\n\n\n<div class=\"wp-block-image is-style-editorskit-diagonal\">\n<figure class=\"alignleft size-full is-resized\"><img loading=\"lazy\" decoding=\"async\" src=\"https:\/\/lecerfvert.com\/wp-content\/uploads\/psicologia-online-zoom.png\" alt=\"\" class=\"wp-image-534\" width=\"500\" height=\"350\" srcset=\"https:\/\/psicocloud.com\/wp-content\/uploads\/psicologia-online-zoom.png 1000w, https:\/\/psicocloud.com\/wp-content\/uploads\/psicologia-online-zoom-300x210.png 300w, https:\/\/psicocloud.com\/wp-content\/uploads\/psicologia-online-zoom-768x538.png 768w, https:\/\/psicocloud.com\/wp-content\/uploads\/psicologia-online-zoom-209x146.png 209w, https:\/\/psicocloud.com\/wp-content\/uploads\/psicologia-online-zoom-50x35.png 50w, https:\/\/psicocloud.com\/wp-content\/uploads\/psicologia-online-zoom-107x75.png 107w\" sizes=\"auto, (max-width:767px) 480px, 500px\" \/><\/figure>\n<\/div>\n\n\n<h3 class=\"wp-block-heading\">Avantatges de la psicologia online<\/h3>\n\n\n\n<p>Assequible, accessible i estalvi de temps s\u00f3n els tres pilars de la psicologia online. \u00c9s significativament&nbsp;<strong>m\u00e9s econ\u00f2mica<\/strong>&nbsp;que la presencial.&nbsp;<strong>Trenca amb les barreres geogr\u00e0fiques<\/strong>, ens permet evitar despla\u00e7aments i sales d\u2019espera. Permet combinar l\u2019\u00fas del correu electr\u00f2nic o xat per comunicar-se entre sessions, en cas de que sigui important pel cas.<\/p>\n\n\n\n<p><strong>Pot produir un efecte de desinhibici\u00f3<\/strong>&nbsp;\u2013 per exemple, sentir-se menys tens \u2013 en el pacient pel fet de no estar present f\u00edsicament amb el terapeuta, facilitant la comunicaci\u00f3.<\/p>\n\n\n\n<div style=\"height:25px\" aria-hidden=\"true\" class=\"wp-block-spacer editorskit-no-tablet editorskit-no-mobile\"><\/div>\n\n\n\n<h3 class=\"wp-block-heading\">Desavantatges de la psicologia online<\/h3>\n\n\n\n<p>En el cas de realitzar-se mitjan\u00e7ant correu electr\u00f2nic o xat es perd informaci\u00f3 visual i auditiva que pot dificultar la percepci\u00f3 de l\u2019estat afectiu del client i per tant&nbsp;<strong>\u00e9s necessari un esfor\u00e7 de sinceritat i confian\u00e7a<\/strong>&nbsp;per posar en coneixement aquests estats per escrit.<\/p>\n\n\n\n<p>El <a href=\"https:\/\/psicocloud.com\/ca\/2017\/quina-es-la-diferencia-entre-psicoleg-i-psiquiatre\/\" title=\"Quina \u00e9s la difer\u00e8ncia entre Psic\u00f2leg i Psiquiatre?\">psic\u00f2leg<\/a> pot assegurar la confidencialitat del tractament per la seva part, per\u00f2 no pot controlar la dilig\u00e8ncia del pacient. Aix\u00ed, cal que aquest sigui cur\u00f3s amb l\u2019\u00fas de contrasenyes i altres mitjans electr\u00f2nics i evitar, per exemple, deixar a la vista els correus electr\u00f2nics privats.<\/p>\n\n\n\n<div style=\"height:25px\" aria-hidden=\"true\" class=\"wp-block-spacer editorskit-no-tablet editorskit-no-mobile\"><\/div>\n\n\n\n<h3 class=\"wp-block-heading\">Problemes que poden ser tractats online<\/h3>\n\n\n\n<p>Trastorns d\u2019<a href=\"https:\/\/psicocloud.com\/ca\/temes\/ansietat\/\" title=\"Ansietat\">ansietat<\/a>, de l\u2019<a href=\"https:\/\/psicocloud.com\/ca\/temes\/depressio\/\" title=\"Depressi\u00f3\">estat d\u2019\u00e0nim<\/a>, de relaci\u00f3 o comunicaci\u00f3, de parella, <a href=\"https:\/\/psicocloud.com\/ca\/temes\/sexualitat\/\" title=\"Sexualitat\">trastorns sexuals<\/a>, alimentaris, del son i trastorns adictius. Existeixen estudis que evidencien l\u2019efectivitat de la ter\u00e0pia online en aquests trastorns. Per exemple:&nbsp;\u201cTractaments basats en internet per a la depressi\u00f3 i el trastorn de p\u00e0nic\u201d&nbsp;(<em>Internet-based Treatment for Depression and Panic Disorder<\/em>) Karolinska Institutet. Estocolm, Su\u00e8cia.<a href=\"https:\/\/psicocloud.com\/temes\/\" target=\"_blank\" rel=\"noreferrer noopener\"><\/a><\/p>\n\n\n\n<div style=\"height:25px\" aria-hidden=\"true\" class=\"wp-block-spacer editorskit-no-tablet editorskit-no-mobile\"><\/div>\n\n\n\n<div class=\"wp-block-buttons is-content-justification-center is-layout-flex wp-container-core-buttons-is-layout-16018d1d wp-block-buttons-is-layout-flex\">\n<div class=\"wp-block-button is-style-outline is-style-outline--1\"><a class=\"wp-block-button__link wp-element-button\" href=\"https:\/\/psicocloud.com\/ca\/temes\/\"> VEURE TEMES QUE TRACTEM<\/a><\/div>\n<\/div>\n\n\n\n<div style=\"height:50px\" aria-hidden=\"true\" class=\"wp-block-spacer\"><\/div>\n\n\n\n<h3 class=\"wp-block-heading\">Quan s&#8217;ha de considerar anar a psicoter\u00e0pia?<\/h3>\n\n\n\n<p>Algunes persones poden ser reticents a sotmetre\u2019s a un tractament de psicoter\u00e0pia, per\u00f2 aquest&nbsp;<strong>\u00e9s un instrument de gran ajuda per persones que pateixen depressi\u00f3, ansietat o enuig durant un per\u00edode prolongat en el temps<\/strong>, per persones que veuen que tenen&nbsp;<strong>problemes que estan afectant el seu benestar f\u00edsic i emocional<\/strong>&nbsp;o persones que&nbsp;<strong>no es veuen capaces d\u2019enfrontar algun esdeveniment<\/strong>&nbsp;com una nova feina, un divorci o el dol per la p\u00e8rdua d\u2019un familiar. L\u2019Associaci\u00f3 Americana de Psicologia (APA en angl\u00e8s) remarca, per exemple, els seg\u00fcents signes com a&nbsp;<strong>possibles indicadors de la necessitat de rec\u00f3rrer a un professional<\/strong>:<\/p>\n\n\n\n<ul class=\"wp-block-list\">\n<li>Sents una sensaci\u00f3 aclaparadora i perllongada d&#8217;<strong>impot\u00e8ncia i tristesa<\/strong>.<\/li>\n\n\n\n<li>Els teus&nbsp;<strong>problemes no semblen millorar<\/strong>&nbsp;malgrat els teus esfor\u00e7os i l&#8217;ajuda de familiars i amics.<\/li>\n\n\n\n<li>Et resulta&nbsp;<strong>dif\u00edcil concentrar-te<\/strong>&nbsp;a la feina o al dur a terme altres activitats quotidianes.<\/li>\n\n\n\n<li><strong>Et preocupes massa<\/strong>, esperes el pitjor o est\u00e0s constantment al l\u00edmit.<\/li>\n\n\n\n<li>Les teves accions, com beure massa alcohol, consumir drogues o ser agressiu,&nbsp;<strong>t\u2019estan perjudicant a tu i\/o a altres persones<\/strong>.<\/li>\n<\/ul>\n\n\n\n<div style=\"height:25px\" aria-hidden=\"true\" class=\"wp-block-spacer editorskit-no-tablet editorskit-no-mobile\"><\/div>\n","protected":false},"excerpt":{"rendered":"<p>Psic\u00f2leg Online Cercant psic\u00f2leg en catal\u00e0 a Bremen?\u00a0Psicocloud ofereix de manera online suport i ajuda psicol\u00f2gica aquelles persones que durant la seva estada a Bremen estan<span class=\"excerpt-hellip\"> [\u2026]<\/span><\/p>\n","protected":false},"author":1,"featured_media":0,"parent":545,"menu_order":0,"comment_status":"closed","ping_status":"closed","template":"","meta":{"_monsterinsights_skip_tracking":false,"_monsterinsights_sitenote_active":false,"_monsterinsights_sitenote_note":"","_monsterinsights_sitenote_category":0,"footnotes":""},"class_list":["post-1152","page","type-page","status-publish","hentry"],"aioseo_notices":[],"_links":{"self":[{"href":"https:\/\/psicocloud.com\/ca\/wp-json\/wp\/v2\/pages\/1152","targetHints":{"allow":["GET"]}}],"collection":[{"href":"https:\/\/psicocloud.com\/ca\/wp-json\/wp\/v2\/pages"}],"about":[{"href":"https:\/\/psicocloud.com\/ca\/wp-json\/wp\/v2\/types\/page"}],"author":[{"embeddable":true,"href":"https:\/\/psicocloud.com\/ca\/wp-json\/wp\/v2\/users\/1"}],"replies":[{"embeddable":true,"href":"https:\/\/psicocloud.com\/ca\/wp-json\/wp\/v2\/comments?post=1152"}],"version-history":[{"count":1,"href":"https:\/\/psicocloud.com\/ca\/wp-json\/wp\/v2\/pages\/1152\/revisions"}],"predecessor-version":[{"id":1242,"href":"https:\/\/psicocloud.com\/ca\/wp-json\/wp\/v2\/pages\/1152\/revisions\/1242"}],"up":[{"embeddable":true,"href":"https:\/\/psicocloud.com\/ca\/wp-json\/wp\/v2\/pages\/545"}],"wp:attachment":[{"href":"https:\/\/psicocloud.com\/ca\/wp-json\/wp\/v2\/media?parent=1152"}],"curies":[{"name":"wp","href":"https:\/\/api.w.org\/{rel}","templated":true}]}}