{"id":545,"date":"2022-10-18T21:06:27","date_gmt":"2022-10-18T20:06:27","guid":{"rendered":"https:\/\/lecerfvert.com\/psicologia-online\/"},"modified":"2023-01-08T18:21:31","modified_gmt":"2023-01-08T17:21:31","slug":"psicologia-online","status":"publish","type":"page","link":"https:\/\/psicocloud.com\/ca\/psicologia-online\/","title":{"rendered":"Psicologia online"},"content":{"rendered":"\n<div style=\"height:25px\" aria-hidden=\"true\" class=\"wp-block-spacer editorskit-no-tablet editorskit-no-mobile\"><\/div>\n\n\n\n<p class=\"has-text-align-left\">La <strong>psicoter\u00e0pia en l\u00ednia<\/strong> \u00e9s una forma de tractament de salut mental que es brinda a trav\u00e9s de videoconfer\u00e8ncia, trucada telef\u00f2nica o missatge. Pot ser una manera efectiva de rebre atenci\u00f3 de salut mental, especialment per a les persones que viuen en \u00e0rees rurals o tenen problemes de mobilitat que dificulten l&#8217;acc\u00e9s a la ter\u00e0pia en persona. Tamb\u00e9 pot ser una opci\u00f3 convenient per a persones amb agendes ocupades o que prefereixen la flexibilitat de rebre ter\u00e0pia des de la comoditat de casa seva.<\/p>\n\n\n\n<p>Durant una sessi\u00f3 de <a href=\"https:\/\/lecerfvert.com\/ca\/2015\/la-psicoterapia-quan-acudir\/\" title=\"La psicoter\u00e0pia, quan acudir?\">psicoter\u00e0pia<\/a> en l\u00ednia, un <strong>professional de la salut mental<\/strong> treballar\u00e0 amb un client per abordar les seves preocupacions i objectius de salut mental de manera semblant a la ter\u00e0pia en persona. El terapeuta pot fer servir diverses t\u00e8cniques terap\u00e8utiques, com la <strong><a href=\"https:\/\/lecerfvert.com\/ca\/2017\/terapia-cognitiva-conductual\/\" title=\"Ter\u00e0pia cognitiva-conductual\">ter\u00e0pia cognitiva conductual<\/a><\/strong>, per ajudar el client a abordar els seus problemes i desenvolupar habilitats d&#8217;afrontament. Les sessions de psicoter\u00e0pia en l\u00ednia es poden fer una sola vegada o com a part d&#8217;un pla de tractament regular.<\/p>\n\n\n\n<div style=\"height:25px\" aria-hidden=\"true\" class=\"wp-block-spacer editorskit-no-tablet editorskit-no-mobile\"><\/div>\n\n\n\n<div class=\"wp-block-media-text alignwide is-stacked-on-mobile is-style-editorskit-diagonal\" style=\"grid-template-columns:45% auto\"><figure class=\"wp-block-media-text__media\"><img loading=\"lazy\" decoding=\"async\" width=\"1000\" height=\"700\" src=\"https:\/\/lecerfvert.com\/wp-content\/uploads\/psicologia-online-zoom.png\" alt=\"\" class=\"wp-image-468 size-full\" srcset=\"https:\/\/psicocloud.com\/wp-content\/uploads\/psicologia-online-zoom.png 1000w, https:\/\/psicocloud.com\/wp-content\/uploads\/psicologia-online-zoom-300x210.png 300w, https:\/\/psicocloud.com\/wp-content\/uploads\/psicologia-online-zoom-768x538.png 768w, https:\/\/psicocloud.com\/wp-content\/uploads\/psicologia-online-zoom-209x146.png 209w, https:\/\/psicocloud.com\/wp-content\/uploads\/psicologia-online-zoom-50x35.png 50w, https:\/\/psicocloud.com\/wp-content\/uploads\/psicologia-online-zoom-107x75.png 107w\" sizes=\"auto, (max-width:767px) 480px, (max-width:1000px) 100vw, 1000px\" \/><\/figure><div class=\"wp-block-media-text__content\">\n<p><strong>Els aven\u00e7os tecnol\u00f2gics han facilitat l&#8217;exist\u00e8ncia del servei psicol\u00f2gic a dist\u00e0ncia<\/strong>, sense oblidar que en alguns casos caldr\u00e0 adre\u00e7ar-se en persona a la consulta. La filosofia i la t\u00e8cnica professional de la psicoter\u00e0pia en l\u00ednia \u00e9s id\u00e8ntica als tractaments convencionals. Simplement, <strong>els procediments i la comunicaci\u00f3 s&#8217;adaptin a un nou mitj\u00e0.<\/strong><\/p>\n<\/div><\/div>\n\n\n\n<div style=\"height:25px\" aria-hidden=\"true\" class=\"wp-block-spacer editorskit-no-tablet editorskit-no-mobile\"><\/div>\n\n\n\n<p>En psicologia online, l\u2019\u00e8tica professional que ens guia \u00e9s la mateixa que en la ter\u00e0pia tradicional: el <a href=\"https:\/\/arxiu.copc.cat\/adjuntos\/adjunto_5328\/v\/Codi%20Deontol%C3%B2gic%20en%20castell%C3%A0.pdf?tm=1524062934\" title=\"\">Codi Deontol\u00f2gic<\/a> de l\u2019Il\u00b7lustre Col\u00b7legi de Psic\u00f2legs.\u00a0<strong>L\u2019\u00e8tica professional garanteix, per exemple, la privacitat absoluta<\/strong>.<\/p>\n\n\n\n<div style=\"height:35px\" aria-hidden=\"true\" class=\"wp-block-spacer editorskit-no-tablet editorskit-no-mobile\"><\/div>\n\n\n\n<div class=\"wp-block-columns is-layout-flex wp-container-core-columns-is-layout-9d6595d7 wp-block-columns-is-layout-flex\">\n<div class=\"wp-block-column is-layout-flow wp-block-column-is-layout-flow\">\n<h3 class=\"wp-block-heading\">Avantatges de la psicologia online<\/h3>\n\n\n\n<p>Assequible, accessible i estalvi de temps s\u00f3n els tres pilars de la psicologia online. \u00c9s significativament&nbsp;<strong>m\u00e9s econ\u00f2mica<\/strong>&nbsp;que la presencial.&nbsp;<strong>Trenca amb les barreres geogr\u00e0fiques<\/strong>, ens permet evitar despla\u00e7aments i sales d\u2019espera. Permet combinar l\u2019\u00fas del correu electr\u00f2nic o xat per comunicar-se entre sessions, en cas de que sigui important pel cas.<\/p>\n\n\n\n<p><strong>Pot produir un efecte de desinhibici\u00f3<\/strong>\u00a0\u2013 per exemple, sentir-se menys tens \u2013 en el pacient pel fet de no estar present f\u00edsicament amb el terapeuta, facilitant la comunicaci\u00f3.<\/p>\n<\/div>\n\n\n\n<div class=\"wp-block-column is-layout-flow wp-block-column-is-layout-flow\">\n<h3 class=\"wp-block-heading\">Desavantatges de la psicologia online<\/h3>\n\n\n\n<p>En el cas de realitzar-se mitjan\u00e7ant correu electr\u00f2nic o xat es perd informaci\u00f3 visual i auditiva que pot dificultar la percepci\u00f3 de l\u2019estat afectiu del client i per tant&nbsp;<strong>\u00e9s necessari un esfor\u00e7 de sinceritat i confian\u00e7a<\/strong>&nbsp;per posar en coneixement aquests estats per escrit.<\/p>\n\n\n\n<p>El psic\u00f2leg pot assegurar la confidencialitat del tractament per la seva part, per\u00f2 no pot controlar la dilig\u00e8ncia del pacient. Aix\u00ed, cal que aquest sigui cur\u00f3s amb l\u2019\u00fas de contrasenyes i altres mitjans electr\u00f2nics i evitar, per exemple, deixar a la vista els correus electr\u00f2nics privats.<\/p>\n<\/div>\n<\/div>\n\n\n\n<div style=\"height:25px\" aria-hidden=\"true\" class=\"wp-block-spacer editorskit-no-tablet editorskit-no-mobile\"><\/div>\n\n\n\n<h3 class=\"wp-block-heading\">Problemes que poden ser tractats online<\/h3>\n\n\n\n<p>Trastorns d\u2019<a href=\"https:\/\/lecerfvert.com\/ca\/temes\/ansietat\/\" title=\"Ansietat\">ansietat<\/a>, de l\u2019<a href=\"https:\/\/lecerfvert.com\/ca\/temes\/depressio\/\" title=\"Depressi\u00f3\">estat d\u2019\u00e0nim<\/a>, de relaci\u00f3 o comunicaci\u00f3, de parella, <a href=\"https:\/\/lecerfvert.com\/ca\/temes\/sexualitat\/\" title=\"Qu\u00e8 \u00e9s la disfunci\u00f3 sexual?\">trastorns sexuals<\/a>, alimentaris, del son i trastorns adictius. Existeixen estudis que evidencien l\u2019efectivitat de la ter\u00e0pia online en aquests trastorns. Per exemple:\u00a0<a href=\"https:\/\/news.ki.se\/panic-disorder-and-depression-can-be-treated-over-the-internet\" title=\"\">\u201cTractaments basats en internet per a la depressi\u00f3 i el trastorn de p\u00e0nic\u201d<\/a>\u00a0(<em>Internet-based Treatment for Depression and Panic Disorder<\/em>) Karolinska Institutet. Estocolm, Su\u00e8cia.<a href=\"https:\/\/psicocloud.com\/temes\/\" target=\"_blank\" rel=\"noreferrer noopener\"><\/a><br><\/p>\n\n\n\n<div style=\"height:25px\" aria-hidden=\"true\" class=\"wp-block-spacer editorskit-no-tablet editorskit-no-mobile\"><\/div>\n\n\n\n<div class=\"wp-block-buttons is-content-justification-center is-layout-flex wp-container-core-buttons-is-layout-16018d1d wp-block-buttons-is-layout-flex\">\n<div class=\"wp-block-button is-style-outline is-style-outline--1\"><a class=\"wp-block-button__link wp-element-button\" href=\"https:\/\/lecerfvert.com\/ca\/temes\/\" target=\"_blank\" rel=\"noreferrer noopener\">Veure temes que tractem<\/a><\/div>\n<\/div>\n\n\n\n<div style=\"height:50px\" aria-hidden=\"true\" class=\"wp-block-spacer editorskit-no-tablet editorskit-no-mobile\"><\/div>\n\n\n\n<hr class=\"wp-block-separator has-text-color has-black-color has-alpha-channel-opacity has-black-background-color has-background is-style-dots\"\/>\n\n\n\n<div style=\"height:25px\" aria-hidden=\"true\" class=\"wp-block-spacer editorskit-no-tablet editorskit-no-mobile\"><\/div>\n\n\n\n<h2 class=\"wp-block-heading\">La psicoter\u00e0pia<\/h2>\n\n\n\n<p>El treball dels psic\u00f2legs \u00e9s ajudar a les persones a viure d\u2019una manera m\u00e9s feli\u00e7 i saludable. Per tal d\u2019ajudar al desenvolupament efica\u00e7 d\u2019h\u00e0bits positius,&nbsp;<strong>\u00e9s necessari aplicar t\u00e8cniques que neixen de la investigaci\u00f3 cient\u00edfica, com ara la psicoter\u00e0pia<\/strong>.<\/p>\n\n\n\n<p>La psicoter\u00e0pia&nbsp;<strong>\u00e9s el tractament col\u00b7laboratiu<\/strong>&nbsp;basat en la relaci\u00f3 que s\u2019estableix entre un individu i el seu psic\u00f2leg. El psic\u00f2leg ofereix un ambient de suport que permet al pacient parlar obertament de forma objectiva, neutral i sense prejudicis.<\/p>\n\n\n\n<div class=\"wp-block-columns is-layout-flex wp-container-core-columns-is-layout-9d6595d7 wp-block-columns-is-layout-flex\">\n<div class=\"wp-block-column is-layout-flow wp-block-column-is-layout-flow\"><\/div>\n\n\n\n<div class=\"wp-block-column is-layout-flow wp-block-column-is-layout-flow\"><\/div>\n<\/div>\n\n\n\n<div style=\"height:25px\" aria-hidden=\"true\" class=\"wp-block-spacer editorskit-no-tablet editorskit-no-mobile\"><\/div>\n\n\n\n<h3 class=\"wp-block-heading\">Quan s&#8217;ha de considerar anar a psicoter\u00e0pia?<\/h3>\n\n\n\n<p>Algunes persones poden ser reticents a sotmetre\u2019s a un tractament de psicoter\u00e0pia, per\u00f2 aquest\u00a0<strong>\u00e9s un instrument de gran ajuda per persones que pateixen depressi\u00f3, ansietat o enuig durant un per\u00edode prolongat en el temps<\/strong>, per persones que veuen que tenen\u00a0<strong>problemes que estan afectant el seu benestar f\u00edsic i emocional<\/strong>\u00a0o persones que\u00a0<strong>no es veuen capaces d\u2019enfrontar algun esdeveniment<\/strong>\u00a0com una nova feina, un divorci o el dol per la p\u00e8rdua d\u2019un familiar. L\u2019<a href=\"https:\/\/www.apa.org\/\" title=\"\">Associaci\u00f3 Americana de Psicologia<\/a> (APA en angl\u00e8s) remarca, per exemple, els seg\u00fcents signes com a\u00a0<strong>possibles indicadors de la necessitat de rec\u00f3rrer a un professional<\/strong>:<\/p>\n\n\n\n<ul class=\"wp-block-list\">\n<li>Sents una sensaci\u00f3 aclaparadora i perllongada d&#8217;<strong>impot\u00e8ncia i tristesa<\/strong>.<\/li>\n\n\n\n<li>Els teus&nbsp;<strong>problemes no semblen millorar<\/strong>&nbsp;malgrat els teus esfor\u00e7os i l&#8217;ajuda de familiars i amics.<\/li>\n\n\n\n<li>Et resulta&nbsp;<strong>dif\u00edcil concentrar-te<\/strong>&nbsp;a la feina o al dur a terme altres activitats quotidianes.<\/li>\n\n\n\n<li><strong>Et preocupes massa<\/strong>, esperes el pitjor o est\u00e0s constantment al l\u00edmit.<\/li>\n\n\n\n<li>Les teves accions, com beure massa alcohol, consumir drogues o ser agressiu,&nbsp;<strong>t\u2019estan perjudicant a tu i\/o a altres persones<\/strong>.<\/li>\n<\/ul>\n\n\n\n<div style=\"height:25px\" aria-hidden=\"true\" class=\"wp-block-spacer editorskit-no-tablet editorskit-no-mobile\"><\/div>\n\n\n\n<hr class=\"wp-block-separator has-text-color has-black-color has-alpha-channel-opacity has-black-background-color has-background is-style-dots\"\/>\n\n\n\n<div style=\"height:25px\" aria-hidden=\"true\" class=\"wp-block-spacer editorskit-no-tablet editorskit-no-mobile\"><\/div>\n","protected":false},"excerpt":{"rendered":"<p>La psicoter\u00e0pia en l\u00ednia \u00e9s una forma de tractament de salut mental que es brinda a trav\u00e9s de videoconfer\u00e8ncia, trucada telef\u00f2nica o missatge. Pot ser una<span class=\"excerpt-hellip\"> [\u2026]<\/span><\/p>\n","protected":false},"author":1,"featured_media":0,"parent":0,"menu_order":1,"comment_status":"closed","ping_status":"closed","template":"","meta":{"_monsterinsights_skip_tracking":false,"_monsterinsights_sitenote_active":false,"_monsterinsights_sitenote_note":"","_monsterinsights_sitenote_category":0,"footnotes":""},"class_list":["post-545","page","type-page","status-publish","hentry"],"aioseo_notices":[],"_links":{"self":[{"href":"https:\/\/psicocloud.com\/ca\/wp-json\/wp\/v2\/pages\/545","targetHints":{"allow":["GET"]}}],"collection":[{"href":"https:\/\/psicocloud.com\/ca\/wp-json\/wp\/v2\/pages"}],"about":[{"href":"https:\/\/psicocloud.com\/ca\/wp-json\/wp\/v2\/types\/page"}],"author":[{"embeddable":true,"href":"https:\/\/psicocloud.com\/ca\/wp-json\/wp\/v2\/users\/1"}],"replies":[{"embeddable":true,"href":"https:\/\/psicocloud.com\/ca\/wp-json\/wp\/v2\/comments?post=545"}],"version-history":[{"count":2,"href":"https:\/\/psicocloud.com\/ca\/wp-json\/wp\/v2\/pages\/545\/revisions"}],"predecessor-version":[{"id":636,"href":"https:\/\/psicocloud.com\/ca\/wp-json\/wp\/v2\/pages\/545\/revisions\/636"}],"wp:attachment":[{"href":"https:\/\/psicocloud.com\/ca\/wp-json\/wp\/v2\/media?parent=545"}],"curies":[{"name":"wp","href":"https:\/\/api.w.org\/{rel}","templated":true}]}}