{"id":546,"date":"2022-12-23T21:44:01","date_gmt":"2022-12-23T20:44:01","guid":{"rendered":"https:\/\/lecerfvert.com\/psicologia-online\/consentimiento-informado\/"},"modified":"2025-06-03T17:53:31","modified_gmt":"2025-06-03T15:53:31","slug":"consentiment-informat","status":"publish","type":"page","link":"https:\/\/psicocloud.com\/ca\/psicologia-online\/consentiment-informat\/","title":{"rendered":"Consentiment informat"},"content":{"rendered":"\n<div style=\"height:25px\" aria-hidden=\"true\" class=\"wp-block-spacer editorskit-no-tablet editorskit-no-mobile\"><\/div>\n\n\n\n<h3 class=\"wp-block-heading\">CONSENTIMENT INFORMAT PER A L&#8217;AVALUACI\u00d3 I EL TRACTAMENT<\/h3>\n\n\n\n<p>La ter\u00e0pia psicol\u00f2gica \u00e9s una relaci\u00f3 entre pacient i <a href=\"https:\/\/lecerfvert.com\/ca\/2017\/quina-es-la-diferencia-entre-psicoleg-i-psiquiatre\/\" title=\"Quina \u00e9s la difer\u00e8ncia entre Psic\u00f2leg i Psiquiatre?\">psic\u00f2leg<\/a> que funciona, en part, gr\u00e0cies als drets i les responsabilitats clarament definits per cadascuna de les parts. Aquests serveixen d&#8217;ajuda per crear un marc de seguretat on vost\u00e8 se senti c\u00f2mode per poder desenvolupar la ter\u00e0pia.<\/p>\n\n\n\n<p>Com a client d&#8217;una <a href=\"https:\/\/lecerfvert.com\/ca\/2015\/la-psicoterapia-quan-acudir\/\" title=\"La psicoter\u00e0pia, quan acudir?\">psicoter\u00e0pia<\/a>, vost\u00e8 t\u00e9 certs drets que \u00e9s important que conegui per facilitar el desenvolupament de la seva ter\u00e0pia i benestar, si b\u00e9 hi ha certes limitacions que s&#8217;hauran de tenir en compte. Per altra banda, el terapeuta tamb\u00e9 t\u00e9 responsabilitats.<\/p>\n\n\n\n<div style=\"height:25px\" aria-hidden=\"true\" class=\"wp-block-spacer editorskit-no-tablet editorskit-no-mobile\"><\/div>\n\n\n\n<h3 class=\"wp-block-heading\">RESPONSABILITATS DEL TERAPEUTA<\/h3>\n\n\n\n<h4 class=\"wp-block-heading\">I. Confidencialitat<\/h4>\n\n\n\n<p>Amb l&#8217;excepci\u00f3 de certes excepcions espec\u00edfiques descrites a continuaci\u00f3, vost\u00e8 t\u00e9 el dret absolut a la confidencialitat a la ter\u00e0pia. El psic\u00f2leg no pot comunicar el contingut del tractament, ni tan sols el fet que vost\u00e8 est\u00e0 en ter\u00e0pia amb nosaltres, sense perm\u00eds.<\/p>\n\n\n\n<p>Podem comunicar la informaci\u00f3 estrictament necess\u00e0ria a altres prove\u00efdors de salut oa membres de la fam\u00edlia sense el seu consentiment previ nom\u00e9s en cas d&#8217;una situaci\u00f3 d&#8217;emerg\u00e8ncia. Sempre actuarem per protegir la seva privadesa. En cas que ens indiqueu que podem compartir informaci\u00f3 amb alguna persona de la vostra confian\u00e7a, teniu el dret de revocar aquesta decisi\u00f3 en qualsevol moment.<\/p>\n\n\n\n<p>En cas que vost\u00e8 i la seva parella assisteixin a ter\u00e0pia de parella i decideixin tenir algunes sessions individuals, el que es diu a les sessions individuals es considera part de la ter\u00e0pia de parella i poden ser discutides a les sessions conjuntes. No comuniqueu el que no voleu compartir amb la vostra parella. Aquesta pol\u00edtica ser\u00e0 recordada abans de comen\u00e7ar les sessions individuals.<\/p>\n\n\n\n<p><br><strong>Els casos seg\u00fcents s\u00f3n excepcions legals al seu dret a la confidencialitat. Ser\u00e0 informat en cas que es cregui que s&#8217;ha de posar en pr\u00e0ctica.<\/strong><\/p>\n\n\n\n<ul class=\"wp-block-list\">\n<li>Si hi ha indicis que pugui fer mal a una altra persona, hem d&#8217;avisar aquesta persona i advertir de les seves intencions. Tamb\u00e9 haurem de contactar amb la policia i demanar que es protegeixi la possible v\u00edctima.<\/li>\n\n\n\n<li>Si hi ha indicis que est\u00e0 maltractant o descuidant un nen o adult vulnerable, o si ens donen informaci\u00f3 sobre alg\u00fa que est\u00e0 fent aix\u00f2, estem obligats a informar els serveis de protecci\u00f3.<\/li>\n\n\n\n<li>Si hi ha indicis que vost\u00e8 est\u00e0 en perill imminent de fer-se mal a si mateix, hem de trucar a la policia.<\/li>\n<\/ul>\n\n\n\n<div style=\"height:25px\" aria-hidden=\"true\" class=\"wp-block-spacer editorskit-no-tablet editorskit-no-mobile\"><\/div>\n\n\n\n<h4 class=\"wp-block-heading\">II. <strong>Normes de protecci\u00f3 de dades i manteniment de registres<\/strong><\/h4>\n\n\n\n<p>Totes les dades recopilades es tracten de conformitat amb el Reglament (UE) 2016\/679 del Parlament Europeu i del Consell, de 27 d&#8217;abril de 2016, sobre la protecci\u00f3 de les persones f\u00edsiques pel que fa al tractament de dades personals ia la lliure circulaci\u00f3 de les dades esmentades. (Reglament general de protecci\u00f3 de dades o RGPD).<\/p>\n\n\n\n<ul class=\"wp-block-list\">\n<li>Quines dades recopilem? Recopilem les dades seg\u00fcents: informaci\u00f3 d&#8217;identificaci\u00f3 personal i els registres sobre les sessions (les intervencions que han tingut lloc i els temes discutits durant la ter\u00e0pia).<\/li>\n\n\n\n<li>Com recopilem les vostres dades? Vost\u00e8 ens proporciona directament les dades que recopilem. Recopilem i processem dades quan vost\u00e8: es registra en l\u00ednia i sol\u00b7licita una cita, usa o veu el nostre lloc web a trav\u00e9s de les galetes del seu navegador, i quan assisteix a una sessi\u00f3.<\/li>\n\n\n\n<li>Com farem servir les vostres dades? Nosaltres, inclosa la secretaria de la nostra empresa, recopilem les vostres dades perqu\u00e8 puguem processar la vostra sol\u00b7licitud de serveis. Les seves dades seran tractades com a confidencials i en cap cas seran utilitzades amb fins de m\u00e0rqueting.<\/li>\n\n\n\n<li>Com emmagatzemem les vostres dades? Mantenim registres sobre les vostres dades. Els registres s\u00f3n confidencials i es guarden en un lloc segur on cap altra persona pot accedir.<\/li>\n<\/ul>\n\n\n\n<div style=\"height:25px\" aria-hidden=\"true\" class=\"wp-block-spacer editorskit-no-tablet editorskit-no-mobile\"><\/div>\n\n\n\n<h4 class=\"wp-block-heading\">III. Altres drets<\/h4>\n\n\n\n<p>Vost\u00e8 t\u00e9 el dret de fer preguntes sobre tot el que passa a la ter\u00e0pia. Sempre estem disposats a discutir com i per qu\u00e8 ens hem decidit a fer les intervencions que hem decidit fer. En cas que cregueu que el terapeuta no \u00e9s l&#8217;adequat per a vost\u00e8 pot sol\u00b7licitar en qualsevol moment la recomanaci\u00f3 d&#8217;un altre psic\u00f2leg o abandonar lliurement la ter\u00e0pia.<\/p>\n\n\n\n<div style=\"height:40px\" aria-hidden=\"true\" class=\"wp-block-spacer editorskit-no-tablet editorskit-no-mobile\"><\/div>\n\n\n\n<h3 class=\"wp-block-heading\">LES SEVES RESPONSABILITATS<\/h3>\n\n\n\n<p>Sou responsable d&#8217;assistir a la sessi\u00f3 a l&#8217;hora programada. Les sessions tenen una durada de 45 minuts. Si comencem tard, acabarem al\u00b4hora programada per no atropellar la sessi\u00f3 d\u00b4una altra persona.<\/p>\n\n\n\n<p>Si no podeu assistir a la vostra cita, informeu-nos almenys 24 hores abans de la vostra cita. Per correu electr\u00f2nic (joel@psicocloud.com) o per WhatsApp (<a href=\"https:\/\/wa.me\/32486022202\" title=\"+32 486 02 22 02\">+32 486 02 22 02<\/a>).<\/p>\n\n\n\n<p>En cas contrari, ens reservem el dret de cobrar-li com a despesa administrativa:<\/p>\n\n\n\n<ul class=\"wp-block-list\">\n<li>Import total, quan la cita no ha estat cancel\u00b7lada<\/li>\n\n\n\n<li>50 \u20ac, si cancel\u00b7laci\u00f3 tardana (mateix dia)<\/li>\n\n\n\n<li>30 \u20ac, en cas de cancel\u00b7laci\u00f3 amb menys de 24\u202fhores d\u2019antelaci\u00f3 (dia abans)<\/li>\n<\/ul>\n\n\n\n<p>Si no es presenten a dues sessions consecutives i no responen als intents de reprogramaci\u00f3, suposarem que va abandonar la ter\u00e0pia i deixarem l&#8217;espai disponible per a una altra persona.<\/p>\n\n\n\n<p>Vost\u00e8 \u00e9s responsable de pagar la sessi\u00f3 setmanalment, llevat que s&#8217;hagin fet altres arranjaments per avan\u00e7at. Els pagaments es realitzen segons all\u00f2 acordat.<\/p>\n\n\n\n<p>Si esteu descontents amb el contingut de la ter\u00e0pia, \u00e9s la vostra obligaci\u00f3 comunicar-nos-ho per poder donar resposta a les vostres inquietuds.<\/p>\n\n\n\n<div style=\"height:40px\" aria-hidden=\"true\" class=\"wp-block-spacer editorskit-no-tablet editorskit-no-mobile\"><\/div>\n\n\n\n<h3 class=\"wp-block-heading\">ENFOCAMENT DE LA TER\u00c0PIA<\/h3>\n\n\n\n<p>Cada psic\u00f2leg t\u00e9 un model terap\u00e8utic, que anomenem enfocament, que prov\u00e9 (o deriva) d&#8217;un marc de treball i un rerefons acad\u00e8mic que permeten tenir el criteri necessari per decidir la millor t\u00e8cnica aplicable.<\/p>\n\n\n\n<p>Utilitzem un model ecl\u00e8ctic dins de la <a href=\"https:\/\/lecerfvert.com\/ca\/2017\/terapia-cognitiva-conductual\/\" title=\"Ter\u00e0pia cognitiva-conductual\">Ter\u00e0pia Cognitiva Conductual<\/a>. \u00c9s a dir, el nostre marc \u00e9s la psicologia Cognitiva Conductual que t\u00e9 per objecte la flexibilitzaci\u00f3 i modificaci\u00f3 dels esquemes disfuncionals del pensament que estan vinculats a una conducta desadaptativa, per\u00f2 alhora incorporem t\u00e8cniques d&#8217;altres ter\u00e0pies.<\/p>\n\n\n\n<div style=\"height:25px\" aria-hidden=\"true\" class=\"wp-block-spacer editorskit-no-tablet editorskit-no-mobile\"><\/div>\n","protected":false},"excerpt":{"rendered":"<p>CONSENTIMENT INFORMAT PER A L&#8217;AVALUACI\u00d3 I EL TRACTAMENT La ter\u00e0pia psicol\u00f2gica \u00e9s una relaci\u00f3 entre pacient i psic\u00f2leg que funciona, en part, gr\u00e0cies als drets i<span class=\"excerpt-hellip\"> [\u2026]<\/span><\/p>\n","protected":false},"author":1,"featured_media":0,"parent":545,"menu_order":0,"comment_status":"closed","ping_status":"closed","template":"","meta":{"_monsterinsights_skip_tracking":false,"_monsterinsights_sitenote_active":false,"_monsterinsights_sitenote_note":"","_monsterinsights_sitenote_category":0,"footnotes":""},"class_list":["post-546","page","type-page","status-publish","hentry"],"aioseo_notices":[],"_links":{"self":[{"href":"https:\/\/psicocloud.com\/ca\/wp-json\/wp\/v2\/pages\/546","targetHints":{"allow":["GET"]}}],"collection":[{"href":"https:\/\/psicocloud.com\/ca\/wp-json\/wp\/v2\/pages"}],"about":[{"href":"https:\/\/psicocloud.com\/ca\/wp-json\/wp\/v2\/types\/page"}],"author":[{"embeddable":true,"href":"https:\/\/psicocloud.com\/ca\/wp-json\/wp\/v2\/users\/1"}],"replies":[{"embeddable":true,"href":"https:\/\/psicocloud.com\/ca\/wp-json\/wp\/v2\/comments?post=546"}],"version-history":[{"count":8,"href":"https:\/\/psicocloud.com\/ca\/wp-json\/wp\/v2\/pages\/546\/revisions"}],"predecessor-version":[{"id":1390,"href":"https:\/\/psicocloud.com\/ca\/wp-json\/wp\/v2\/pages\/546\/revisions\/1390"}],"up":[{"embeddable":true,"href":"https:\/\/psicocloud.com\/ca\/wp-json\/wp\/v2\/pages\/545"}],"wp:attachment":[{"href":"https:\/\/psicocloud.com\/ca\/wp-json\/wp\/v2\/media?parent=546"}],"curies":[{"name":"wp","href":"https:\/\/api.w.org\/{rel}","templated":true}]}}