{"id":557,"date":"2015-01-22T20:19:00","date_gmt":"2015-01-22T19:19:00","guid":{"rendered":"https:\/\/lecerfvert.com\/temas\/orientacion-e-identidad\/"},"modified":"2025-02-27T20:07:25","modified_gmt":"2025-02-27T19:07:25","slug":"orientacio-i-identitat","status":"publish","type":"page","link":"https:\/\/psicocloud.com\/ca\/temes\/orientacio-i-identitat\/","title":{"rendered":"Orientaci\u00f3 sexual i identitat de g\u00e8nere"},"content":{"rendered":"\n<div style=\"height:25px\" aria-hidden=\"true\" class=\"wp-block-spacer editorskit-no-tablet editorskit-no-mobile\"><\/div>\n\n\n\n<p>La <mark style=\"background-color:rgba(0, 0, 0, 0)\" class=\"has-inline-color has-vivid-cyan-blue-color\">sexualitat \u00e9s un aspecte complex i multifac\u00e8tic de la vida humana que inclou una varietat d&#8217;experi\u00e8ncies f\u00edsiques, emocionals i socials<\/mark>. Aqu\u00ed hi ha alguns components de la sexualitat que poden ser importants per considerar: el sexe biol\u00f2gic (determinat pels cromosomes XX i XY), l&#8217;orientaci\u00f3 sexual, la identitat de g\u00e8nere i el rol social (respecte de les normes culturals de conducta femenina i masculina ).<\/p>\n\n\n\n<p><strong>LGBTIQ+<\/strong> significa lesbiana, gai, bisexual, transg\u00e8nere, queer, intersexual i el signe m\u00e9s al final de l&#8217;acr\u00f2nim s&#8217;usa per incloure altres identitats que cauen sota el paraigua de la comunitat LGBTIQ+, com no binari, pansexual i asexual. Aquest terme s&#8217;usa per referir-se a un grup divers de persones que s&#8217;identifiquen com una cosa diferent d&#8217;heterosexual i cisg\u00e8nere.<\/p>\n\n\n\n<p>\u00c9s important respectar i recon\u00e8ixer la diversitat d&#8217;identitats dins de la comunitat LGBTIQ+ i fer servir un llenguatge inclusiu en referir-se o interactuar amb les persones que formen part d&#8217;aquesta comunitat.<\/p>\n\n\n\n<div style=\"height:25px\" aria-hidden=\"true\" class=\"wp-block-spacer editorskit-no-tablet editorskit-no-mobile\"><\/div>\n\n\n\n<h3 class=\"wp-block-heading\">Qu\u00e8 \u00e9s l&#8217;orientaci\u00f3 sexual?<\/h3>\n\n\n\n<p>L&#8217;<mark style=\"background-color:rgba(0, 0, 0, 0)\" class=\"has-inline-color has-vivid-cyan-blue-color\">orientaci\u00f3 sexual<\/mark> fa refer\u00e8ncia a l&#8217;atracci\u00f3 emocional, rom\u00e0ntica i sexual d&#8217;un individu cap a altres persones. \u00c9s un aspecte important de la vida humana que pot donar forma als pensaments, els sentiments i els comportaments d&#8217;un individu.<\/p>\n\n\n\n<p>Hi ha una varietat d&#8217;orientacions sexuals amb qu\u00e8 les persones es poden identificar, que inclouen:<\/p>\n\n\n\n<ul class=\"wp-block-list\">\n<li><strong>Heterosexual:<\/strong> individus que se senten atrets per persones del sexe o g\u00e8nere oposat.<\/li>\n\n\n\n<li><strong>Homosexual:<\/strong> persones que se senten atrets per persones del mateix sexe o g\u00e8nere.<\/li>\n\n\n\n<li><strong>Bisexual:<\/strong> fa refer\u00e8ncia a les persones que se senten atretes per persones d&#8217;ambd\u00f3s sexes o g\u00e8neres.<\/li>\n\n\n\n<li><strong>Pansexual:<\/strong> individus que se senten atrets per persones de totes les identitats i expressions de g\u00e8nere.<\/li>\n\n\n\n<li><strong>Asexual:<\/strong> persones que no experimenten atracci\u00f3 sexual cap a cap g\u00e8nere.<\/li>\n<\/ul>\n\n\n\n<h4 class=\"wp-block-heading\">No \u00e9s una malaltia mental<\/h4>\n\n\n\n<p>Tradicionalment, les persones homosexuals i bisexuals han viscut sota l&#8217;estigma de ser considerades malaltes mentals. No va ser fins al 1975 quan l&#8217;<a href=\"http:\/\/apa.org\" title=\"\">Associaci\u00f3 Americana de Psicologia<\/a> va eliminar l&#8217;homosexualitat del llistat de malalties mentals i va demanar als psic\u00f2legs que s&#8217;elimin\u00e9s aquest estigma. <strong>El prejudici i la discriminaci\u00f3 amb regularitat tenen efectes psicol\u00f2gics negatius.<\/strong><\/p>\n\n\n\n<p>L&#8217;homosexualitat i la bisexualitat no s\u00f3n malalties mentals i les investigacions dutes a terme demostren que no hi ha cap associaci\u00f3 entre aquestes orientacions sexuals i la psicopatologia. L&#8217;heterosexualitat, la bisexualitat i l&#8217;homosexualitat s\u00f3n comportaments normals a la sexualitat humana i estan documentades en diferents cultures i \u00e8poques.<\/p>\n\n\n\n<h4 class=\"wp-block-heading\">La ter\u00e0pia pot canviar l&#8217;orientaci\u00f3 sexual?<\/h4>\n\n\n\n<p><mark style=\"background-color:rgba(0, 0, 0, 0)\" class=\"has-inline-color has-vivid-cyan-blue-color\">No, les ter\u00e0pies<\/mark> (de vegades anomenades \u201creparadores\u201d o \u201cter\u00e0pies de conversi\u00f3\u201d) <mark style=\"background-color:rgba(0, 0, 0, 0)\" class=\"has-inline-color has-vivid-cyan-blue-color\">dirigides a canviar l\u2019orientaci\u00f3 sexual  <strong>no s\u00f3n efectives ni segures<\/strong><\/mark>. Habitualment les persones que busquen aquest canvi \u00e9s com a resultat de coacci\u00f3 per part de membres de la seva fam\u00edlia o grups religiosos. <\/p>\n\n\n\n<p>La realitat \u00e9s que l\u2019homosexualitat no \u00e9s una malaltia, no requereix tractament i no es pot canviar. No totes les persones gais, lesbianes i bisexuals que busquen l\u2019ajuda de professionals volen canviar la seva orientaci\u00f3 sexual. Sovint solen <a href=\"https:\/\/psicocloud.com\/ca\/2017\/terapia-afirmativa-lgbtiq\/\" title=\"Ter\u00e0pia Afirmativa LGBTIQ+\">buscar ajuda psicol\u00f2gica (ter\u00e0pia afirmativa LGBTIQ+)<\/a> relacionada amb el <strong><a href=\"https:\/\/psicocloud.com\/ca\/2017\/questionament-de-la-identitat-sexual\/\" title=\"Q\u00fcestionament de la identitat sexual\">proc\u00e9s del descobriment<\/a> de la seva orientaci\u00f3 sexual o el desenvolupament d\u2019estrat\u00e8gies per a lidiar amb el prejudici<\/strong>. Per\u00f2 en general, els gais, lesbianes i bisexuals que van al psic\u00f2leg ho fan pels mateixos motius i problemes de la vida que condueixen a les persones heterosexuals a la consulta dels professionals de la salut mental, independentment de la seva orientaci\u00f3 sexual.<\/p>\n\n\n\n<div style=\"height:30px\" aria-hidden=\"true\" class=\"wp-block-spacer\"><\/div>\n\n\n\n<hr class=\"wp-block-separator has-text-color has-black-color has-alpha-channel-opacity has-black-background-color has-background is-style-dots\"\/>\n\n\n\n<div style=\"height:30px\" aria-hidden=\"true\" class=\"wp-block-spacer\"><\/div>\n\n\n\n<h3 class=\"wp-block-heading\" id=\"identidad\">Qu\u00e8 \u00e9s la identitat de g\u00e8nere?<\/h3>\n\n\n\n<p>La <mark style=\"background-color:rgba(0, 0, 0, 0)\" class=\"has-inline-color has-vivid-cyan-blue-color\">identitat de g\u00e8nere<\/mark> \u00e9s la percepci\u00f3 que tenim del nostre propi g\u00e8nere, que es pot alinear o no amb el sexe que se&#8217;ns va assignar en n\u00e9ixer. \u00c9s una sensaci\u00f3 personal i profundament sentida de ser un home, una dona o qualsevol altra cosa i que \u00e9s diferent del sexe, que fa refer\u00e8ncia a les caracter\u00edstiques biol\u00f2giques que defineixen homes i dones, com els genitals i els cromosomes. El g\u00e8nere \u00e9s el conjunt de rols socialment constru\u00efts, comportaments, activitats i atributs que tradicionalment s&#8217;han dividit de manera bin\u00e0ria: mascul\u00ed i femen\u00ed. Per\u00f2 hi ha altres identitats:<\/p>\n\n\n\n<ul class=\"wp-block-list\">\n<li><strong>Cisg\u00e8nere:<\/strong> Es refereix a individus que s&#8217;identifiquen amb el g\u00e8nere que els va ser assignat en n\u00e9ixer.<\/li>\n\n\n\n<li><strong>Transg\u00e8nere:<\/strong> Es refereix a les persones que s&#8217;identifiquen amb un g\u00e8nere diferent del que els va ser assignat en n\u00e9ixer.<\/li>\n\n\n\n<li><strong>Queerg\u00e8nere:<\/strong> Persona que s&#8217;identifica amb una identitat que no pertany al binari home\/dona.<\/li>\n\n\n\n<li><strong>Ag\u00e8nere:<\/strong> No s&#8217;identifica amb cap identitat de g\u00e8nere.<\/li>\n\n\n\n<li><strong>No binari:<\/strong> Persona la identitat de la qual \u00e9s neutra, \u00e9s a dir, considera que t\u00e9 un g\u00e8nere i que el seu g\u00e8nere est\u00e0 fora del binari i no s&#8217;identifica amb identitats que mostren afinitat a rols femenins o masculins.<\/li>\n<\/ul>\n\n\n\n<p>\u00c9s important recon\u00e8ixer que la identitat de g\u00e8nere \u00e9s un aspecte complex i multifac\u00e8tic de la vida humana i que les experi\u00e8ncies de cadasc\u00fa amb el g\u00e8nere s\u00f3n \u00faniques. Tamb\u00e9 <strong>\u00e9s important respectar la diversitat didentitats de g\u00e8nere<\/strong> i utilitzar un llenguatge i pronoms que siguin apropiats i respectuosos amb la identitat de g\u00e8nere duna persona.<\/p>\n\n\n\n<div style=\"height:25px\" aria-hidden=\"true\" class=\"wp-block-spacer editorskit-no-tablet editorskit-no-mobile\"><\/div>\n\n\n\n<h3 class=\"wp-block-heading\" id=\"intersexual\">Qu\u00e8 \u00e9s la intersexualitat?<\/h3>\n\n\n\n<p><strong>Intersexual<\/strong> \u00e9s un terme que es fa servir per descriure les persones que neixen amb caracter\u00edstiques sexuals f\u00edsiques que no s&#8217;ajusten a les nocions bin\u00e0ries t\u00edpiques de cossos masculins o femenins. Aquestes caracter\u00edstiques poden incloure variacions als genitals, cromosomes o hormones.<\/p>\n\n\n\n<p>La intersexualitat \u00e9s una variaci\u00f3 natural de la biologia humana i s&#8217;estima que al voltant de l&#8217;1,7% de les persones neixen amb trets intersexuals. \u00c9s important recon\u00e8ixer que la intersexualitat no \u00e9s un trastorn ni una condici\u00f3 m\u00e8dica, i que les persones amb trets intersexuals no s\u00f3n anormals ni malaltisses.<\/p>\n\n\n\n<p>El terme &#8220;intersexual&#8221; es pot fer servir per descriure una \u00e0mplia gamma de variacions f\u00edsiques, i no totes les persones intersexuals s&#8217;identifiquen com a intersexuals o usen aquest terme per descriure&#8217;s a si mateixes. Algunes persones intersexuals es <strong>poden identificar com a homes, dones o no binaris, i poden escollir o no alterar els seus cossos a trav\u00e9s d&#8217;intervencions m\u00e8diques.<\/strong><\/p>\n\n\n\n<p>\u00c9s important recon\u00e8ixer i respectar la diversitat didentitats i experi\u00e8ncies intersexuals. Tamb\u00e9 \u00e9s important ser conscient dels drets i les necessitats de les persones intersexuals, incl\u00f2s el dret a l&#8217;autonomia corporal i el consentiment informat per a qualsevol procediment m\u00e8dic.<\/p>\n\n\n\n<div style=\"height:25px\" aria-hidden=\"true\" class=\"wp-block-spacer editorskit-no-tablet editorskit-no-mobile\"><\/div>\n\n\n\n<p><\/p>\n","protected":false},"excerpt":{"rendered":"<p>La sexualitat \u00e9s un aspecte complex i multifac\u00e8tic de la vida humana que inclou una varietat d&#8217;experi\u00e8ncies f\u00edsiques, emocionals i socials. Aqu\u00ed hi ha alguns components<span class=\"excerpt-hellip\"> [\u2026]<\/span><\/p>\n","protected":false},"author":1,"featured_media":0,"parent":549,"menu_order":8,"comment_status":"closed","ping_status":"closed","template":"","meta":{"_monsterinsights_skip_tracking":false,"_monsterinsights_sitenote_active":false,"_monsterinsights_sitenote_note":"","_monsterinsights_sitenote_category":0,"footnotes":""},"class_list":["post-557","page","type-page","status-publish","hentry"],"aioseo_notices":[],"_links":{"self":[{"href":"https:\/\/psicocloud.com\/ca\/wp-json\/wp\/v2\/pages\/557","targetHints":{"allow":["GET"]}}],"collection":[{"href":"https:\/\/psicocloud.com\/ca\/wp-json\/wp\/v2\/pages"}],"about":[{"href":"https:\/\/psicocloud.com\/ca\/wp-json\/wp\/v2\/types\/page"}],"author":[{"embeddable":true,"href":"https:\/\/psicocloud.com\/ca\/wp-json\/wp\/v2\/users\/1"}],"replies":[{"embeddable":true,"href":"https:\/\/psicocloud.com\/ca\/wp-json\/wp\/v2\/comments?post=557"}],"version-history":[{"count":5,"href":"https:\/\/psicocloud.com\/ca\/wp-json\/wp\/v2\/pages\/557\/revisions"}],"predecessor-version":[{"id":1381,"href":"https:\/\/psicocloud.com\/ca\/wp-json\/wp\/v2\/pages\/557\/revisions\/1381"}],"up":[{"embeddable":true,"href":"https:\/\/psicocloud.com\/ca\/wp-json\/wp\/v2\/pages\/549"}],"wp:attachment":[{"href":"https:\/\/psicocloud.com\/ca\/wp-json\/wp\/v2\/media?parent=557"}],"curies":[{"name":"wp","href":"https:\/\/api.w.org\/{rel}","templated":true}]}}